{"id":475,"date":"2018-05-30T11:53:46","date_gmt":"2018-05-30T11:53:46","guid":{"rendered":"http:\/\/vsringelsdorf-niederabsdorf.ac.at\/?page_id=475"},"modified":"2019-09-08T09:16:15","modified_gmt":"2019-09-08T09:16:15","slug":"datenschutz","status":"publish","type":"page","link":"http:\/\/vsringelsdorf-niederabsdorf.ac.at\/?page_id=475","title":{"rendered":"Datenschutz"},"content":{"rendered":"<p><a href=\"https:\/\/bildung.bmbwf.gv.at\/datenschutz\" target=\"_blank\" rel=\"noopener noreferrer\">Datenschutzinformation gem\u00e4\u00df Art. 12ff DSGVO im Rahmen der Schulverwaltung an \u00f6sterreichischen Schulen gem\u00e4\u00df Art. 14 B-VG<\/a><\/p>\n","protected":false},"excerpt":{"rendered":"<p>Datenschutzinformation gem\u00e4\u00df Art. 12ff DSGVO im Rahmen der Schulverwaltung an \u00f6sterreichischen Schulen gem\u00e4\u00df Art. 14 B-VG<\/p>\n","protected":false},"author":2,"featured_media":0,"parent":35,"menu_order":7,"comment_status":"closed","ping_status":"closed","template":"","meta":{"footnotes":""},"class_list":["post-475","page","type-page","status-publish","hentry"],"_links":{"self":[{"href":"http:\/\/vsringelsdorf-niederabsdorf.ac.at\/index.php?rest_route=\/wp\/v2\/pages\/475","targetHints":{"allow":["GET"]}}],"collection":[{"href":"http:\/\/vsringelsdorf-niederabsdorf.ac.at\/index.php?rest_route=\/wp\/v2\/pages"}],"about":[{"href":"http:\/\/vsringelsdorf-niederabsdorf.ac.at\/index.php?rest_route=\/wp\/v2\/types\/page"}],"author":[{"embeddable":true,"href":"http:\/\/vsringelsdorf-niederabsdorf.ac.at\/index.php?rest_route=\/wp\/v2\/users\/2"}],"replies":[{"embeddable":true,"href":"http:\/\/vsringelsdorf-niederabsdorf.ac.at\/index.php?rest_route=%2Fwp%2Fv2%2Fcomments&post=475"}],"version-history":[{"count":1,"href":"http:\/\/vsringelsdorf-niederabsdorf.ac.at\/index.php?rest_route=\/wp\/v2\/pages\/475\/revisions"}],"predecessor-version":[{"id":476,"href":"http:\/\/vsringelsdorf-niederabsdorf.ac.at\/index.php?rest_route=\/wp\/v2\/pages\/475\/revisions\/476"}],"up":[{"embeddable":true,"href":"http:\/\/vsringelsdorf-niederabsdorf.ac.at\/index.php?rest_route=\/wp\/v2\/pages\/35"}],"wp:attachment":[{"href":"http:\/\/vsringelsdorf-niederabsdorf.ac.at\/index.php?rest_route=%2Fwp%2Fv2%2Fmedia&parent=475"}],"curies":[{"name":"wp","href":"https:\/\/api.w.org\/{rel}","templated":true}]}}