{"id":38,"date":"2017-03-16T20:08:44","date_gmt":"2017-03-16T20:08:44","guid":{"rendered":"http:\/\/vsringelsdorf-niederabsdorf.ac.at\/?page_id=38"},"modified":"2017-03-18T14:16:38","modified_gmt":"2017-03-18T14:16:38","slug":"elternverein","status":"publish","type":"page","link":"http:\/\/vsringelsdorf-niederabsdorf.ac.at\/?page_id=38","title":{"rendered":"Elternverein"},"content":{"rendered":"<p><strong>Elternverein<\/strong><\/p>\n<p><strong>\u00a0<\/strong><\/p>\n<p><strong>Obfrau:<\/strong>\u00a0Welk Birgit<\/p>\n<p>&nbsp;<\/p>\n<p><strong>Wir bedanken uns sehr herzlich beim Elternverein f\u00fcr die gute Zusammenarbeit und die Unterst\u00fctzung, die wir j\u00e4hrlich erhalten!<\/strong><\/p>\n","protected":false},"excerpt":{"rendered":"<p>Elternverein \u00a0 Obfrau:\u00a0Welk Birgit &nbsp; Wir bedanken uns sehr herzlich beim Elternverein f\u00fcr die gute Zusammenarbeit und die Unterst\u00fctzung, die wir j\u00e4hrlich erhalten!<\/p>\n","protected":false},"author":1,"featured_media":0,"parent":35,"menu_order":3,"comment_status":"closed","ping_status":"closed","template":"","meta":{"footnotes":""},"class_list":["post-38","page","type-page","status-publish","hentry"],"_links":{"self":[{"href":"http:\/\/vsringelsdorf-niederabsdorf.ac.at\/index.php?rest_route=\/wp\/v2\/pages\/38","targetHints":{"allow":["GET"]}}],"collection":[{"href":"http:\/\/vsringelsdorf-niederabsdorf.ac.at\/index.php?rest_route=\/wp\/v2\/pages"}],"about":[{"href":"http:\/\/vsringelsdorf-niederabsdorf.ac.at\/index.php?rest_route=\/wp\/v2\/types\/page"}],"author":[{"embeddable":true,"href":"http:\/\/vsringelsdorf-niederabsdorf.ac.at\/index.php?rest_route=\/wp\/v2\/users\/1"}],"replies":[{"embeddable":true,"href":"http:\/\/vsringelsdorf-niederabsdorf.ac.at\/index.php?rest_route=%2Fwp%2Fv2%2Fcomments&post=38"}],"version-history":[{"count":2,"href":"http:\/\/vsringelsdorf-niederabsdorf.ac.at\/index.php?rest_route=\/wp\/v2\/pages\/38\/revisions"}],"predecessor-version":[{"id":207,"href":"http:\/\/vsringelsdorf-niederabsdorf.ac.at\/index.php?rest_route=\/wp\/v2\/pages\/38\/revisions\/207"}],"up":[{"embeddable":true,"href":"http:\/\/vsringelsdorf-niederabsdorf.ac.at\/index.php?rest_route=\/wp\/v2\/pages\/35"}],"wp:attachment":[{"href":"http:\/\/vsringelsdorf-niederabsdorf.ac.at\/index.php?rest_route=%2Fwp%2Fv2%2Fmedia&parent=38"}],"curies":[{"name":"wp","href":"https:\/\/api.w.org\/{rel}","templated":true}]}}